{"id":230,"date":"2022-12-25T14:12:12","date_gmt":"2022-12-25T13:12:12","guid":{"rendered":"https:\/\/parafia.starachowice.pl\/?page_id=230"},"modified":"2026-02-22T19:05:01","modified_gmt":"2026-02-22T18:05:01","slug":"grafik-dyzurow","status":"publish","type":"page","link":"https:\/\/parafia.starachowice.pl\/index.php\/grafik-dyzurow\/","title":{"rendered":"Grafik dy\u017cur\u00f3w"},"content":{"rendered":"\n<p>Msza \u015bw. g. 10\u2070\u2070 &#8211; AKTUALNE <\/p>\n\n\n\n<figure class=\"wp-block-table\"><table class=\"has-fixed-layout\"><tbody><tr><td colspan=\"4\"><strong>M S Z A&nbsp; \u015a W I \u0118 T A \u2013 10:00&nbsp;&nbsp; GRAFIK CZYTA\u0143<\/strong><strong><\/strong><\/td><\/tr><tr><td><strong>DATA<\/strong><strong><\/strong><\/td><td><strong>I CZYTANIE<\/strong><\/td><td><strong>II CZYTANIE<\/strong><\/td><td><strong>KOMENTARZ I MODLITWA POWSZECHNA<\/strong><\/td><\/tr><tr><td><strong>22 lutego<\/strong><\/td><td><strong>Ma\u0142gorzata Bachurska<\/strong><\/td><td><strong>Sylwia Babicka<\/strong><\/td><td><strong>Piotr Babicki<\/strong><\/td><\/tr><tr><td><strong>1 marca<\/strong><\/td><td><strong>El\u017cbieta Kisi\u0144ska<\/strong><\/td><td><strong>Anna Herszfeld<\/strong><\/td><td><strong>Zuzanna K\u0119dziora<\/strong><\/td><\/tr><tr><td><strong>8 marca<\/strong><\/td><td><strong>Agnieszka Samsonowska<\/strong><\/td><td><strong>\u0141ukasz Hamera<\/strong><\/td><td><strong>Renata Hamera<\/strong><\/td><\/tr><tr><td><strong>15 marca<\/strong><\/td><td><strong>Justyna Kwiecie\u0144<\/strong><\/td><td><strong>Krystyna Kwiecie\u0144<\/strong><\/td><td><strong>Pawe\u0142 Kwiecie\u0144<\/strong><strong><\/strong><\/td><\/tr><tr><td><strong>22 marca<\/strong><\/td><td><strong>Anna Sionek <\/strong><strong><\/strong><\/td><td><strong>Beata Mr\u00f3z<\/strong><strong><\/strong><\/td><td><strong>Piotr Paw\u0142owski<\/strong><strong><\/strong><\/td><\/tr><tr><td><strong>29 marca<\/strong><\/td><td><strong>Maria \u017bylska &#8211; Niedopytalska<\/strong><\/td><td><strong>Anna \u015aniegucka<\/strong><\/td><td><strong>Ma\u0142gorzata Tomczy\u0144ska<\/strong><\/td><\/tr><tr><td><strong>5 kwietnia<\/strong> <strong>WIELKANOC<\/strong><strong><\/strong><\/td><td><strong>Jaros\u0142aw Babicki<\/strong><strong><\/strong><\/td><td><strong>Renata Krysiak<\/strong><\/td><td><strong>Anna Babicka<\/strong><\/td><\/tr><tr><td><strong>6 kwietnia<\/strong> <strong>PONIEDZIA\u0141EK WIELKANOCNY<\/strong><strong><\/strong><\/td><td><strong>Piotr Babicki<\/strong><strong><\/strong><\/td><td><strong>&#8211;<\/strong><\/td><td><strong>Sylwia Babicka<\/strong><\/td><\/tr><tr><td><strong>12 kwietnia<\/strong><\/td><td><strong>Zuzanna K\u0119dziora<\/strong><\/td><td><strong>El\u017cbieta Kisi\u0144ska<\/strong><\/td><td><strong>Anna Herszfeld<\/strong><\/td><\/tr><tr><td><strong>19 kwietnia<\/strong><\/td><td><strong>\u0141ukasz Hamera<\/strong><\/td><td><strong>Renata Hamera<\/strong><\/td><td><strong>Agnieszka Samsonowska<\/strong><\/td><\/tr><tr><td><strong>19 kwietnia<\/strong><\/td><td><strong>Pawe\u0142 Kwiecie\u0144<\/strong><\/td><td><strong>Ma\u0142gorzata Bachurska<\/strong><\/td><td><strong>Krystyna Kwiecie\u0144<\/strong><\/td><\/tr><tr><td><strong>26 kwietnia<\/strong><\/td><td><strong>Piotr Paw\u0142owski<\/strong><\/td><td><strong>Anna Sionek <\/strong><strong><\/strong><\/td><td><strong>Beata Mr\u00f3z<\/strong><strong><\/strong><\/td><\/tr><tr><td><strong>3 maja<\/strong><\/td><td><strong>Ma\u0142gorzata Tomczy\u0144ska<\/strong><\/td><td><strong>Anna \u015aniegucka<\/strong><\/td><td><strong>Maria \u017bylska &#8211; Niedopytalska<\/strong><\/td><\/tr><tr><td><strong>10 maja<\/strong><\/td><td><strong>Anna Babicka<\/strong><\/td><td><strong>Jaros\u0142aw Babicki<\/strong><\/td><td><strong>Renata Krysiak<\/strong><\/td><\/tr><tr><td><strong>17 maja<\/strong><\/td><td><strong>Sylwia Babicka<\/strong><\/td><td><strong>Piotr Babicki<\/strong><\/td><td><strong>Ma\u0142gorzata Bachurska<\/strong><\/td><\/tr><tr><td><strong>24 maja<\/strong><\/td><td><strong>Anna Herszfeld<\/strong><\/td><td><strong>Zuzanna K\u0119dziora<\/strong><\/td><td><strong>El\u017cbieta Kisi\u0144ska<\/strong><\/td><\/tr><tr><td><strong>4 czerwca<\/strong><\/td><td><strong>\u0141ukasz Hamera<\/strong><\/td><td><strong>Agnieszka Samsonowska<\/strong><\/td><td><strong>Renata Hamera<\/strong><\/td><\/tr><tr><td><strong>7 czerwca<\/strong><\/td><td><strong>Krystyna Kwiecie\u0144<\/strong><strong><\/strong><\/td><td><strong>Pawe\u0142 Kwiecie\u0144<\/strong><\/td><td><strong>Justyna Kwiecie\u0144<\/strong><strong><\/strong><\/td><\/tr><tr><td><strong>14 czerwca<\/strong><\/td><td><strong>Beata Mr\u00f3z<\/strong><\/td><td><strong>Piotr Paw\u0142owski<\/strong><\/td><td><strong>Anna Sionek<\/strong><strong><\/strong><\/td><\/tr><tr><td><strong>21 czerwca<\/strong><\/td><td><strong>Anna \u015aniegucka<\/strong><\/td><td><strong>Ma\u0142gorzata Tomczy\u0144ska<\/strong><\/td><td><strong>Maria \u017bylska &#8211; Niedopytalska<\/strong><\/td><\/tr><tr><td><strong>28 czerwca<\/strong><\/td><td><strong>Renata Krysiak<\/strong><strong><\/strong><\/td><td><strong>Anna Babicka<\/strong><\/td><td><strong>Jaros\u0142aw Babicki<\/strong><\/td><\/tr><\/tbody><\/table><\/figure>\n\n\n\n<p><\/p>\n\n\n\n<p>____________________________________________________________________________________________________________<\/p>\n\n\n\n<p>GRAFIK CZYTA\u0143 NA MSZY \u015aWI\u0118TEJ O GODZINIE <strong>11:15<\/strong> &#8211; aktualny<\/p>\n\n\n\n<p>Aktualne ! <\/p>\n\n\n\n<figure class=\"wp-block-table\"><table class=\"has-fixed-layout\"><tbody><tr><td colspan=\"4\"><strong>M S Z A&nbsp; \u015a W I \u0118 T A \u2013 11:15&nbsp;&nbsp; <\/strong><strong>GRAFIK CZYTA\u0143<\/strong><\/td><\/tr><tr><td><strong>DATA<\/strong><strong><\/strong><\/td><td><strong>I CZYTANIE<\/strong><strong><\/strong><\/td><td><strong>II CZYTANIE<\/strong><strong><\/strong><\/td><td><strong>MODLITWA POWSZECHNA<\/strong><strong><\/strong><\/td><\/tr><tr><td><strong>22 lutego<\/strong><\/td><td><strong>Anna \u015aledziowska<\/strong><strong> <\/strong><strong><\/strong><\/td><td><strong>Ma\u0142gorzata Zaczy\u0144ska<\/strong><\/td><td><strong>Magdalena W\u00f3jcik<\/strong><\/td><\/tr><tr><td><strong>1 marca<\/strong><\/td><td><strong>Krzysztof Derlatka<\/strong><\/td><td><strong>Sylwia Grabowska<\/strong><strong><\/strong><\/td><td><strong>Marzena Derlatka<\/strong><\/td><\/tr><tr><td><strong>8 marca<\/strong><\/td><td><strong>El\u017cbieta Bernat<\/strong><\/td><td><strong>Angelika Mikos &nbsp;<\/strong><\/td><td><strong>Gra\u017cyna Jab\u0142o\u0144ska<\/strong><\/td><\/tr><tr><td><strong>15 marca<\/strong><\/td><td><strong>Beata Jopek<\/strong><\/td><td><strong>Agnieszka Hud<\/strong><\/td><td><strong>Micha\u0142 Karkusiewicz<\/strong><\/td><\/tr><tr><td><strong>22 marca<\/strong><\/td><td><strong>Monika Malinowska<\/strong><\/td><td><strong>Anita Kud\u0142a<\/strong><\/td><td><strong>Iwona Paprot<\/strong><strong><\/strong><\/td><\/tr><tr><td><strong>29 marca<\/strong><\/td><td><strong>Dominik Pater<\/strong><\/td><td><strong>Joanna St\u0105porek<\/strong><\/td><td><strong>Grzegorz Przygoda<\/strong><\/td><\/tr><tr><td><strong>5 kwietnia<\/strong> <strong>WIELKANOC<\/strong><strong><\/strong><\/td><td><strong>Anna \u015aledziowska<\/strong><strong><\/strong><\/td><td><strong>Ma\u0142gorzata Wi\u0119c\u0142aw<\/strong><\/td><td><strong>Ewelina Suchecka<\/strong><\/td><\/tr><tr><td><strong>6 kwietnia<\/strong> <strong>PONIEDZIA\u0141EK WIELKANOCNY<\/strong><strong><\/strong><\/td><td><strong>Grzegorz Zaczy\u0144ski<\/strong><\/td><td><strong>&#8211;<\/strong><\/td><td><strong>Ma\u0142gorzata Zaczy\u0144ska<\/strong><\/td><\/tr><tr><td><strong>12 kwietnia<\/strong><\/td><td><strong>Krzysztof Derlatka<\/strong><strong> &nbsp;<\/strong><\/td><td><strong>Agata Wzorek<\/strong><\/td><td><strong>Marzena Derlatka<\/strong><\/td><\/tr><tr><td><strong>19 kwietnia<\/strong><\/td><td><strong>Magdalena W\u00f3jcik <\/strong><strong><\/strong><\/td><td><strong>Katarzyna Wicher<\/strong><\/td><td><strong>El\u017cbieta Bernat<\/strong><strong><\/strong><\/td><\/tr><tr><td><strong>19 kwietnia<\/strong><\/td><td><strong>Sylwia Grabowska<\/strong><strong><\/strong><\/td><td><strong>Agnieszka Hud<\/strong><\/td><td><strong>Micha\u0142 Karkusiewicz<\/strong><\/td><\/tr><tr><td><strong>26 kwietnia<\/strong><\/td><td><strong>Gra\u017cyna Jab\u0142o\u0144ska<\/strong><\/td><td><strong>Beata Jopek<\/strong><\/td><td><strong>Monika Malinowska<\/strong><\/td><\/tr><tr><td><strong>3 maja<\/strong><\/td><td><strong>Anita Kud\u0142a<\/strong><\/td><td><strong>Iwona Paprot<\/strong><\/td><td><strong>Grzegorz Przygoda<\/strong><strong><\/strong><\/td><\/tr><tr><td><strong>10 maja<\/strong><\/td><td><strong>Angelika Mikos &nbsp;<\/strong><\/td><td><strong>Ewelina Suchecka<\/strong><\/td><td><strong>Anna \u015aledziowska<\/strong><strong><\/strong><\/td><\/tr><tr><td><strong>17 maja<\/strong><\/td><td><strong>Ma\u0142gorzata Wi\u0119c\u0142aw<\/strong><strong><\/strong><\/td><td><strong>Dominik Pater<\/strong><\/td><td><strong>Magdalena W\u00f3jcik<\/strong><strong><\/strong><\/td><\/tr><tr><td><strong>24 maja<\/strong><\/td><td><strong>Joanna St\u0105porek<\/strong><\/td><td><strong>Grzegorz Zaczy\u0144ski<\/strong><\/td><td><strong>Ma\u0142gorzata Zaczy\u0144ska<\/strong><strong><\/strong><\/td><\/tr><tr><td><strong>4 czerwca<\/strong><\/td><td><strong>Agata Wzorek<\/strong><strong><\/strong><\/td><td><strong>Krzysztof Derlatka<\/strong><strong><\/strong><\/td><td><strong>El\u017cbieta Bernat<\/strong><strong><\/strong><\/td><\/tr><tr><td><strong>7 czerwca<\/strong><\/td><td><strong>Katarzyna Wicher<\/strong><strong><\/strong><\/td><td><strong>Agnieszka Hud <\/strong><strong><\/strong><\/td><td><strong>Marzena Derlatka<\/strong><strong><\/strong><\/td><\/tr><tr><td><strong>14 czerwca<\/strong><\/td><td><strong>Micha\u0142 Karkusiewicz<\/strong><\/td><td><strong>Beata Jopek<\/strong><\/td><td><strong>Gra\u017cyna Jab\u0142o\u0144ska<\/strong><\/td><\/tr><tr><td><strong>21 czerwca<\/strong><\/td><td><strong>Monika Malinowska<\/strong><\/td><td><strong>Anita Kud\u0142a<\/strong><strong><\/strong><\/td><td><strong>Iwona Paprot<\/strong><strong><\/strong><\/td><\/tr><tr><td><strong>28 czerwca<\/strong><\/td><td><strong>Ewelina Suchecka<\/strong><\/td><td><strong>Angelika Mikos &nbsp;<\/strong><\/td><td><strong>Grzegorz Przygoda<\/strong><strong><\/strong><\/td><\/tr><\/tbody><\/table><\/figure>\n\n\n\n<figure class=\"wp-block-gallery has-nested-images columns-default is-cropped wp-block-gallery-1 is-layout-flex wp-block-gallery-is-layout-flex\"><\/figure>\n\n\n\n<p><\/p>\n\n\n\n<p><\/p>\n\n\n\n<p><\/p>\n","protected":false},"excerpt":{"rendered":"<p>Msza \u015bw. g. 10\u2070\u2070 &#8211; AKTUALNE M S Z A&nbsp; \u015a W I \u0118 T A \u2013 10:00&nbsp;&nbsp; GRAFIK CZYTA\u0143 DATA I CZYTANIE II CZYTANIE KOMENTARZ I MODLITWA POWSZECHNA 22 lutego Ma\u0142gorzata Bachurska Sylwia Babicka Piotr Babicki 1 marca El\u017cbieta Kisi\u0144ska Anna Herszfeld Zuzanna K\u0119dziora 8 marca Agnieszka Samsonowska \u0141ukasz Hamera Renata Hamera 15 marca [&hellip;]<\/p>\n","protected":false},"author":1,"featured_media":0,"parent":0,"menu_order":0,"comment_status":"closed","ping_status":"closed","template":"","meta":{"_et_pb_use_builder":"off","_et_pb_old_content":"","_et_gb_content_width":"","footnotes":""},"class_list":["post-230","page","type-page","status-publish","hentry"],"_links":{"self":[{"href":"https:\/\/parafia.starachowice.pl\/index.php\/wp-json\/wp\/v2\/pages\/230","targetHints":{"allow":["GET"]}}],"collection":[{"href":"https:\/\/parafia.starachowice.pl\/index.php\/wp-json\/wp\/v2\/pages"}],"about":[{"href":"https:\/\/parafia.starachowice.pl\/index.php\/wp-json\/wp\/v2\/types\/page"}],"author":[{"embeddable":true,"href":"https:\/\/parafia.starachowice.pl\/index.php\/wp-json\/wp\/v2\/users\/1"}],"replies":[{"embeddable":true,"href":"https:\/\/parafia.starachowice.pl\/index.php\/wp-json\/wp\/v2\/comments?post=230"}],"version-history":[{"count":16,"href":"https:\/\/parafia.starachowice.pl\/index.php\/wp-json\/wp\/v2\/pages\/230\/revisions"}],"predecessor-version":[{"id":1541,"href":"https:\/\/parafia.starachowice.pl\/index.php\/wp-json\/wp\/v2\/pages\/230\/revisions\/1541"}],"wp:attachment":[{"href":"https:\/\/parafia.starachowice.pl\/index.php\/wp-json\/wp\/v2\/media?parent=230"}],"curies":[{"name":"wp","href":"https:\/\/api.w.org\/{rel}","templated":true}]}}