{"id":160,"date":"2022-12-24T09:55:51","date_gmt":"2022-12-24T08:55:51","guid":{"rendered":"https:\/\/parafia.starachowice.pl\/?page_id=160"},"modified":"2026-04-05T07:36:32","modified_gmt":"2026-04-05T05:36:32","slug":"intencje-mszalne","status":"publish","type":"page","link":"https:\/\/parafia.starachowice.pl\/index.php\/intencje-mszalne\/","title":{"rendered":"Intencje mszalne"},"content":{"rendered":"\n<p><\/p>\n\n\n\n<p>_______________________________________________________________________________________________________________________________<\/p>\n\n\n\n<p><strong>INTENCJE PROSIMY SPRAWDZI\u0106 Z WYWIESZK\u0104 W GABLOCIE PARAFIALNEJ. Mog\u0105 by\u0107 b\u0142\u0119dy, prosz\u0119 sprawdzi\u0107 i je\u015bli zajdzie pomy\u0142ka przyj\u015b\u0107 do zakrystii, poprawimy. <\/strong><\/p>\n\n\n\n<figure class=\"wp-block-table\"><table class=\"has-fixed-layout\"><tbody><tr><td colspan=\"2\"><strong>Niedziela Zmartwychwstania 5 kwietnia &nbsp;2026 r.<\/strong><\/td><\/tr><tr><td><strong>8.00<\/strong><\/td><td><strong>Od Ko\u0142a \u017bywego R\u00f3\u017ca\u0144ca MB. Nieustaj\u0105cej Pomocy Pani Marii Lisowskiej&nbsp; O dobre przezycie \u015bwi\u0105t Wielkanocnych<\/strong> <strong>2) + Juli\u0119 O\u0142owiak \u2013 od KZR \u015bw. El\u017cbiety<\/strong> <strong>3) + Mariann\u0119 Set\u0119<\/strong><\/td><\/tr><tr><td><strong>10.00<\/strong><\/td><td><strong>1) + Jolant\u0119 Andrzeja Bernatowicz\u00f3w zm. z Rodz. Bernatowicz\u00f3w Boczkowskich Derewo\u0144k\u00f3w<\/strong> <strong>2) + Aleksandr\u0119 Gaik<\/strong> <strong>3) + Ryszard\u0119 Kosior<\/strong><\/td><\/tr><tr><td><strong>11.15<\/strong><\/td><td><strong>1) + Czes\u0142aw\u0119 Stefana Uli\u0144skich<\/strong> <strong>2) + Mieczys\u0142aw\u0119 Zimnick\u0105<\/strong><\/td><\/tr><tr><td><strong>12.30<\/strong><\/td><td><strong>1) W intencji Marysoi \u015ali\u017c w 8 rocz. urodzin<\/strong> <strong>2) W 29 rocz. \u015blubu Gra\u017cyny i Jacka Orze\u0142<\/strong> <strong>3) W 40 rocz. \u015blubu Stanis\u0142awa i Lucyny Dyk<\/strong><\/td><\/tr><tr><td><strong>15.00<\/strong><\/td><td><strong>Koronka<\/strong><\/td><\/tr><tr><td><strong>18.00<\/strong><\/td><td><strong>+ Rafa\u0142a Mazura<\/strong><\/td><\/tr><tr><td colspan=\"2\"><strong>Poniedzia\u0142ek 6 kwietnia &nbsp;2026 r.<\/strong><\/td><\/tr><tr><td><strong>8.00<\/strong><\/td><td><strong>1) + Ludwika Mariann\u0119 Stanis\u0142awa Ga\u0142k\u00f3w Jana Stefani\u0119 Koz\u0142owskich<\/strong> <strong>2) + Ryszarda Brackiego<\/strong><\/td><\/tr><tr><td><strong>10.00<\/strong><\/td><td><strong>1) + Helen\u0119 Mieczys\u0142awa Jankowskich Juliann\u0119 Boles\u0142awa Zawadzkich<\/strong> <strong>2) + Alicj\u0119 Grze\u015bkowiak<\/strong> <strong>3) +Iren\u0119 Jana Kurek &nbsp;Stanis\u0142aw\u0119 Stefana Morga\u015b<\/strong><\/td><\/tr><tr><td><strong>11.15<\/strong><\/td><td><strong>1) + Aleksandr\u0119 Gaik<\/strong> <strong>2) + Stanis\u0142awa Murek<\/strong><\/td><\/tr><tr><td><strong>12.30<\/strong><\/td><td><strong>1) + Sabin\u0119 Rymarczyk<\/strong> <strong>2) + Zbigniewa Janikowskiego w 21 rocz. \u015bm. Agnieszk\u0119 Stanis\u0142awa Jana Molend\u00f3w Stefani\u0119 Jana Janikowskich<\/strong> <strong>3) + Mariana Cecyli\u0119 Pastuszka Ann\u0119 Fio\u0142na<\/strong><\/td><\/tr><tr><td><strong>15.00<\/strong><\/td><td><strong>Koronka<\/strong><\/td><\/tr><tr><td><strong>18.00<\/strong><\/td><td><strong>+ Adama Wojtona<\/strong><\/td><\/tr><tr><td colspan=\"2\"><strong>Wtorek 7 kwietnia &nbsp;&nbsp;&nbsp;2026 r.<\/strong><\/td><\/tr><tr><td><strong>7.00<\/strong><\/td><td><strong>1) + Zm. z rodz. Janas\u00f3w &nbsp;Jamskich \u0141y\u017cw\u00f3w<\/strong> <strong>2) + Edyt\u0119 Graba<\/strong><\/td><\/tr><tr><td><strong>15.00<\/strong><\/td><td><strong>Koronka<\/strong><\/td><\/tr><tr><td><strong>17.00<\/strong><\/td><td><strong>1) W intencji bierzmowanych<\/strong> <strong>2) W intencji parafian<\/strong> <strong>3) W intencji Sylwi z okazji urodzin<\/strong><\/td><\/tr><tr><td><strong>&nbsp;<\/strong><\/td><td><strong>&nbsp;<\/strong><\/td><\/tr><tr><td colspan=\"2\"><strong>\u015aroda 8 kwietnia &nbsp;&nbsp;2026 r.<\/strong><\/td><\/tr><tr><td><strong>7.00<\/strong><\/td><td><strong>+Kazimier\u0119 B\u0119bas<\/strong><\/td><\/tr><tr><td><strong>15.00<\/strong><\/td><td><strong>Koronka<\/strong><\/td><\/tr><tr><td><strong>17.00<\/strong><\/td><td><strong>1) + Alicj\u0119 Grze\u015bkowiak 2) + Stanis\u0142awa Murek<\/strong><\/td><\/tr><tr><td><strong>18.00<\/strong><\/td><td><strong>O Bo\u017ce blog. dla mieszka\u0144c\u00f3w Dwernickiego 5<\/strong> <strong>+ Mariann\u0119 Grochowin\u0119<\/strong> <strong>+ Mariann\u0119 Seta<\/strong> <strong>+ Miros\u0142awa Bojakowskiego<\/strong> <strong>+ Paw\u0142a Barszcz<\/strong> <strong>+&nbsp; Wand\u0119 M\u0105dr\u0105<\/strong><\/td><\/tr><tr><td><strong>&nbsp;<\/strong><\/td><td><strong>Czwartek 9 kwietnia 2026 r.<\/strong><\/td><\/tr><tr><td><strong>7.00<\/strong><\/td><td><strong>W intencji Wy\u017cszego Seminarium Duchownego w Radomiu<\/strong><\/td><\/tr><tr><td><strong>15.00<\/strong><\/td><td><strong>Koronka<\/strong><\/td><\/tr><tr><td><strong>17.00<\/strong><\/td><td><strong>1) + Stanis\u0142awa Murek 2) + Jana St\u0119pnia<\/strong><\/td><\/tr><tr><td><strong>18.00<\/strong><\/td><td><strong>1) + Alicj\u0119 Grze\u015bkowiak 2) + Stanis\u0142awa Ofman<\/strong><\/td><\/tr><tr><td><strong>&nbsp;<\/strong><\/td><td><strong>Pi\u0105tek 10 kwietnia 2026 r.<\/strong><\/td><\/tr><tr><td><strong>7.00<\/strong><\/td><td><strong>+ Krystyn\u0119 Smagie\u0142 &#8211; Kogut<\/strong><\/td><\/tr><tr><td><strong>15.00<\/strong><\/td><td><strong>Koronka<\/strong><\/td><\/tr><tr><td><strong>17.00<\/strong><\/td><td><strong>1) + Stanis\u0142awa Murek 2) + Jana St\u0119pnia<\/strong><\/td><\/tr><tr><td><strong>18.00<\/strong><\/td><td><strong>1) + Ann\u0119 Junytko ( ?) 2) + Czes\u0142awa Borowieckiego<\/strong><\/td><\/tr><tr><td><strong>&nbsp;<\/strong><\/td><td><strong>Sobota 11 kwietnia 2026 r.<\/strong><\/td><\/tr><tr><td><strong>7.00<\/strong><\/td><td><strong>+ Miros\u0142awa Bojakowskiego<\/strong><\/td><\/tr><tr><td><strong>15.00<\/strong><\/td><td><strong>Koronka<\/strong><\/td><\/tr><tr><td><strong>17.00<\/strong><\/td><td><strong>1) + Ireneusza Piwnika 2) + Stanis\u0142awa Ofmana<\/strong><\/td><\/tr><tr><td><strong>18.00<\/strong><\/td><td><strong>1) + Jadwig\u0119 Dziemb\u0119 2)&nbsp;&nbsp;&nbsp;&nbsp;&nbsp;&nbsp;&nbsp;&nbsp;&nbsp;&nbsp;&nbsp;&nbsp;&nbsp;&nbsp;&nbsp;&nbsp;&nbsp;&nbsp;&nbsp;&nbsp;&nbsp;&nbsp;&nbsp;&nbsp;&nbsp;&nbsp;&nbsp;&nbsp;&nbsp;&nbsp;&nbsp;&nbsp;&nbsp;&nbsp;&nbsp;&nbsp;&nbsp;&nbsp;&nbsp;&nbsp;&nbsp;&nbsp;&nbsp; &nbsp;3) + Jolant\u0119 Dzwugier<\/strong><\/td><\/tr><tr><td><strong>&nbsp;<\/strong><\/td><td><strong>&nbsp;<\/strong><\/td><\/tr><\/tbody><\/table><\/figure>\n","protected":false},"excerpt":{"rendered":"<p>_______________________________________________________________________________________________________________________________ INTENCJE PROSIMY SPRAWDZI\u0106 Z WYWIESZK\u0104 W GABLOCIE PARAFIALNEJ. Mog\u0105 by\u0107 b\u0142\u0119dy, prosz\u0119 sprawdzi\u0107 i je\u015bli zajdzie pomy\u0142ka przyj\u015b\u0107 do zakrystii, poprawimy. Niedziela Zmartwychwstania 5 kwietnia &nbsp;2026 r. 8.00 Od Ko\u0142a \u017bywego R\u00f3\u017ca\u0144ca MB. Nieustaj\u0105cej Pomocy Pani Marii Lisowskiej&nbsp; O dobre przezycie \u015bwi\u0105t Wielkanocnych 2) + Juli\u0119 O\u0142owiak \u2013 od KZR \u015bw. El\u017cbiety 3) + [&hellip;]<\/p>\n","protected":false},"author":1,"featured_media":0,"parent":0,"menu_order":0,"comment_status":"closed","ping_status":"closed","template":"","meta":{"_et_pb_use_builder":"off","_et_pb_old_content":"<!-- wp:table -->\n<figure class=\"wp-block-table\"><table class=\"has-fixed-layout\"><tbody><tr><td colspan=\"2\"><strong>Niedziela 8 czerwca 2025 r.<\/strong><\/td><\/tr><tr><td><strong>8.00<\/strong><\/td><td><strong>1) + W\u0142adys\u0142awa \u017burowskiego w 13 rocz. \u015bm Jana Walentyn\u0119 Wojtasik\u00f3w<\/strong> <br><strong>2) O potrzebne \u0142aski i powr\u00f3t do zdrowia dla Arkadiusza<\/strong><\/td><\/tr><tr><td><strong>10.00<\/strong><\/td><td><strong>1) W 45 roc. \u015alubu Henryki i J\u00f3zefa Serwickich<\/strong><br> <strong>2) + Jana D\u0105browskiego w 3 rocz. \u015bm. Zuzann\u0119 Kazimierza Witolda Zygmunta D\u0105browskich<\/strong><\/td><\/tr><tr><td><strong>11.15<\/strong><\/td><td><strong>W 2 rocz. \u015bm Leszka Kenig<\/strong><\/td><\/tr><tr><td><strong>12.30<\/strong><\/td><td><strong>1)O b\u0142ogos\u0142awie\u0144stwo dla nowoochrzczomego dziecka<\/strong> <br><strong>\u00a02) W 40 rocz. urodzin Krzysztofa\u00a0<\/strong><\/td><\/tr><tr><td><strong>17.30<\/strong><\/td><td><strong>Nabo\u017ce\u0144stwo czerwcowe<\/strong><\/td><\/tr><tr><td><strong>18.00<\/strong><\/td><td><strong>greg ( 8 ) + Alicj\u0119 Le\u017cuchowsk\u0105<\/strong><\/td><\/tr><\/tbody><\/table><\/figure>\n<!-- \/wp:table -->\n\n<!-- wp:table -->\n<figure class=\"wp-block-table\"><table class=\"has-fixed-layout\"><tbody><tr><td colspan=\"2\"><strong>Poniedzia\u0142ek 9 czerwca&nbsp; 2025 r.<\/strong><\/td><\/tr><tr><td><strong>7.00<\/strong><\/td><td><strong>greg ( 9 ) + Alicj\u0119 Le\u017cuchowsk\u0105<\/strong><\/td><\/tr><tr><td><strong>17.00<\/strong><\/td><td><strong>1) W 1 rocz. urodzin Adrianny<\/strong><br> <strong>\u00a02) + Janin\u0119 Or\u0142owsk\u0105 w 2 rocz. \u015bm. J\u00f3zefa Or\u0142owskiego<\/strong><\/td><\/tr><tr><td><strong>17.30<\/strong><\/td><td><strong>Nabo\u017ce\u0144stwo czerwcowe<\/strong><\/td><\/tr><tr><td><strong>18.00<\/strong><\/td><td><strong>1) + Henryka \u015apiewaka<\/strong> <br><strong>\u00a02) + Wojciecha Kryja<\/strong><\/td><\/tr><tr><td colspan=\"2\"><strong>Wtorek 10 czerwca <\/strong><strong>&nbsp;2025 r.<\/strong><\/td><\/tr><tr><td><strong>7.00<\/strong><\/td><td><strong>1) + Piotra w 27 rocz. \u015bm Waleriana Janin\u0119<\/strong><br> <strong>2) greg ( 10 ) + Alicj\u0119 Le\u017cuchowsk\u0105<\/strong><\/td><\/tr><tr><td><strong>17.00<\/strong><\/td><td><strong>1) + Janin\u0119 Basa w 15 rocz. \u015bm i zm. z rodz.<\/strong> <br><strong>2) + Marcina Miga\u0142\u0119<\/strong><\/td><\/tr><tr><td><strong>17.30<\/strong><\/td><td><strong>Nabo\u017ce\u0144stwo czerwcowe<\/strong><\/td><\/tr><tr><td><strong>18.00<\/strong><\/td><td><strong>\u00a01) + Wojciecha Kryja<\/strong><br> <strong>2) + Tadeusza Kid\u0119<\/strong><\/td><\/tr><tr><td colspan=\"2\"><strong>\u015a<\/strong><strong>roda 11 czerwca 2025 r.<\/strong><\/td><\/tr><tr><td><strong>7.00<\/strong><\/td><td><strong>greg ( 11 ) + Alicj\u0119 Le\u017cuchowsk\u0105<\/strong><\/td><\/tr><tr><td><strong>17.00<\/strong><\/td><td><strong>1) W 20 rocz. \u015blubu Grzegorza i Doroty Skwarli\u0144skich<\/strong><br> <strong>2) + Tadeusza Kid\u0119<\/strong><\/td><\/tr><tr><td><strong>17.30<\/strong><\/td><td><strong>Nabo\u017ce\u0144stwo czerwcowe<\/strong><\/td><\/tr><tr><td><strong>18.00<\/strong><\/td><td><strong>O Bo\u017ce b\u0142og. w rocz. urodzin Anny<\/strong> <strong>O Bo\u017ce b\u0142og. w rocz. urodzin El\u017cbiety<\/strong> <br><strong>+ Alicj\u0119 Le\u017cuchowsk\u0105<\/strong> <strong>+ El\u017cbiet\u0119 Gaik \u2013 Turek<\/strong> <strong>+ Janusza Cukierskiego<\/strong> <strong>+ Stanis\u0142awa Skwarli\u0144skiego<\/strong> <strong>+ Marka Tomczy\u0144skiego<\/strong> <strong>+ Stanis\u0142aw\u0119 Pater<\/strong> <strong>+ Alicj\u0119 Lipi\u0144sk\u0105<\/strong> <strong>+ Krystyn\u0119 Wypych<\/strong> <strong>+ Zofi\u0119 Sikor\u0119<\/strong> <strong>+ Petronl\u0119, Boles\u0142awa Karola Soko\u0142owskich<\/strong><\/td><\/tr><tr><td colspan=\"2\"><strong>Czwartek 12 czerwca&nbsp;&nbsp; 2025 r. <\/strong><strong><\/strong><\/td><\/tr><tr><td><strong>7.00<\/strong><\/td><td><strong>greg ( 12 ) + Alicj\u0119 Le\u017cuchowsk\u0105<\/strong><\/td><\/tr><tr><td><strong>17.00<\/strong><\/td><td><strong>1) W intencji alumn\u00f3w WSD<\/strong> <br><strong>2) + Gabriel\u0119 Uzar<\/strong><\/td><\/tr><tr><td><strong>17.30<\/strong><\/td><td><strong>Nabo\u017ce\u0144stwo czerwcowe<\/strong><\/td><\/tr><tr><td><strong>18.00<\/strong><\/td><td><strong>1) W 1 rocz. \u015bm. Bronis\u0142awa<\/strong><br> <strong>2) + Jaros\u0142awa W\u00f3jcika w 20 rocz. \u015bm. \u00a0<\/strong><\/td><\/tr><tr><td><strong>&nbsp;<\/strong><\/td><td><strong>Pi<\/strong><strong>\u0105<\/strong><strong>tek 13 czerwca 2025 r.<\/strong><\/td><\/tr><tr><td><strong>7.00<\/strong><\/td><td><strong>greg ( 13 ) + Alicj\u0119 Le\u017cuchowsk\u0105<\/strong><\/td><\/tr><tr><td><strong>17.00<\/strong><\/td><td><strong>1) + Ryszarda P\u0142us\u0119<\/strong><br> <strong>2) + Zbigniewa J\u0119drzejczyka<\/strong><\/td><\/tr><tr><td><strong>17.30<\/strong><\/td><td><strong>Nabo\u017ce\u0144stwo czerwcowe<\/strong><\/td><\/tr><tr><td><strong>18.00<\/strong><\/td><td><strong>1) + Mariann\u0119 Miko\u0142aja Szumie\u0142<\/strong><br> <strong>2) + Jaros\u0142awa Bugajskiego<\/strong><\/td><\/tr><tr><td><strong>&nbsp;<\/strong><\/td><td><strong>Sobota 14 czerwca 2025 r.<\/strong><\/td><\/tr><tr><td><strong>7.00<\/strong><\/td><td><strong>greg ( 14 ) + Alicj\u0119 Le\u017cuchowsk\u0105<\/strong><\/td><\/tr><tr><td><strong>17.00<\/strong><\/td><td><strong>1) W 30 rocz. urodzin Ks. Bartosza Fija\u0142kowskiego<\/strong> <br><strong>2) + Jolant\u0119 Zaj\u0105c<\/strong><\/td><\/tr><tr><td><strong>17.30<\/strong><\/td><td><strong>Nabo\u017ce\u0144stwo czerwcowe<\/strong><\/td><\/tr><tr><td><strong>18.00<\/strong><\/td><td><strong>1) + Jadwig\u0119 Kaczor<\/strong><br> <strong>2) + Agnieszk\u0119 Stanis\u0142awa B\u0142\u0119dzi\u0144skich i zm. z rodz.<\/strong><\/td><\/tr><\/tbody><\/table><\/figure>\n<!-- \/wp:table -->\n\n<!-- wp:gallery {\"linkTo\":\"none\"} -->\n<figure class=\"wp-block-gallery has-nested-images columns-default is-cropped\"><\/figure>\n<!-- \/wp:gallery -->\n\n<!-- wp:image -->\n<figure class=\"wp-block-image\"><img alt=\"\"\/><\/figure>\n<!-- \/wp:image -->\n\n<!-- wp:image -->\n<figure class=\"wp-block-image\"><img alt=\"\"\/><\/figure>\n<!-- \/wp:image -->\n\n<!-- wp:gallery {\"linkTo\":\"none\"} -->\n<figure class=\"wp-block-gallery has-nested-images columns-default is-cropped\"><\/figure>\n<!-- \/wp:gallery -->\n\n<!-- wp:image -->\n<figure class=\"wp-block-image\"><img alt=\"\"\/><\/figure>\n<!-- \/wp:image -->\n\n<!-- wp:gallery {\"linkTo\":\"none\"} -->\n<figure class=\"wp-block-gallery has-nested-images columns-default is-cropped\"><\/figure>\n<!-- \/wp:gallery -->\n\n<!-- wp:gallery {\"linkTo\":\"none\"} -->\n<figure class=\"wp-block-gallery has-nested-images columns-default is-cropped\"><\/figure>\n<!-- \/wp:gallery -->\n\n<!-- wp:image -->\n<figure class=\"wp-block-image\"><img alt=\"\"\/><\/figure>\n<!-- \/wp:image -->\n\n<!-- wp:image -->\n<figure class=\"wp-block-image\"><img alt=\"\"\/><\/figure>\n<!-- \/wp:image -->","_et_gb_content_width":"","footnotes":""},"class_list":["post-160","page","type-page","status-publish","hentry"],"_links":{"self":[{"href":"https:\/\/parafia.starachowice.pl\/index.php\/wp-json\/wp\/v2\/pages\/160","targetHints":{"allow":["GET"]}}],"collection":[{"href":"https:\/\/parafia.starachowice.pl\/index.php\/wp-json\/wp\/v2\/pages"}],"about":[{"href":"https:\/\/parafia.starachowice.pl\/index.php\/wp-json\/wp\/v2\/types\/page"}],"author":[{"embeddable":true,"href":"https:\/\/parafia.starachowice.pl\/index.php\/wp-json\/wp\/v2\/users\/1"}],"replies":[{"embeddable":true,"href":"https:\/\/parafia.starachowice.pl\/index.php\/wp-json\/wp\/v2\/comments?post=160"}],"version-history":[{"count":175,"href":"https:\/\/parafia.starachowice.pl\/index.php\/wp-json\/wp\/v2\/pages\/160\/revisions"}],"predecessor-version":[{"id":1567,"href":"https:\/\/parafia.starachowice.pl\/index.php\/wp-json\/wp\/v2\/pages\/160\/revisions\/1567"}],"wp:attachment":[{"href":"https:\/\/parafia.starachowice.pl\/index.php\/wp-json\/wp\/v2\/media?parent=160"}],"curies":[{"name":"wp","href":"https:\/\/api.w.org\/{rel}","templated":true}]}}