{"id":15,"date":"2022-07-16T19:36:10","date_gmt":"2022-07-16T17:36:10","guid":{"rendered":"https:\/\/parafia.starachowice.pl\/?page_id=15"},"modified":"2025-03-02T22:31:20","modified_gmt":"2025-03-02T21:31:20","slug":"rada-parafialna","status":"publish","type":"page","link":"https:\/\/parafia.starachowice.pl\/index.php\/rada-parafialna\/","title":{"rendered":"Rada Parafialna"},"content":{"rendered":"\n<p class=\"has-text-align-left\">Parafialna rada duszpasterska (<em>concilium pastorale<\/em>) jest organem doradczym w parafii, kt\u00f3ra ma na celu pomoc proboszczowi we wszystkich sprawach duszpasterstwa parafialnego w powi\u0105zaniu z \u017cyciem Ko\u015bcio\u0142a powszechnego. Do zada\u0144 Rady nale\u017cy budzenie postaw apostolskich w\u015br\u00f3d parafian, wspomaganie duchowie\u0144stwa w pracy duszpasterskiej, wyra\u017canie opinii i wysuwanie propozycji dotycz\u0105cych doskonalenia duszpasterstwa parafialnego w oparciu o program duszpasterski diecezji radomskiej, wspomaganie proboszcza w zarz\u0105dzaniu dobrami gospodarczo-materialnymi parafii.<br> W naszej parafii Rada Parafialna istnieje od pocz\u0105tku jej istnienia. Pocz\u0105tkowa Rada Parafialna nazwana by\u0142a Komitetem Budowy Ko\u015bcio\u0142a. \u00a0Po konsekracji ko\u015bcio\u0142a pierwszy Proboszcz Parafii, Ks. Infu\u0142at Stanis\u0142aw Pindera powo\u0142a\u0142 do istnienia Rad\u0119 Parafialn\u0105.  Przewodnicz\u0105cego Rady wybieraj\u0105 cz\u0142onkowie Rady powo\u0142ani przez Proboszcza Parafii.\u00a0<\/p>\n\n\n\n<p>I KADENCJA RADY PARAFIALNEJ \u2013 1991 \u2013 1995 (przewodnicz\u0105cy \u2013 Leszek Waksmundzki)<br>II KADENCJA RADY PARAFIALNEJ \u2013 1995 \u2013 1999 (przewodnicz\u0105cy \u2013 Leszek Waksmundzki)<br>III KADENCJA RADY PARAFIALNEJ \u2013 1999 \u2013 2003 (przewodnicz\u0105cy \u2013 Andrzej Rojek)<br>IV KADENCJA RADY PARAFIALNEJ \u2013 2003 \u2013 2008 (przewodnicz\u0105ca \u2013 Anna Babicka)<br>V KADENCJA RADY PARAFIALNEJ \u2013&nbsp;2008 \u2013 2012&nbsp;(przewodnicz\u0105ca \u2013 Anna Babicka)<br>VI KADENCJA RADY PARAFIALNEJ \u2013 2013 \u2013 2016 (przewodnicz\u0105cy \u2013 Ryszard Nosowicz)<br>VII KADENCJA RADY PARAFIALNEJ \u2013 2016 \u2013 2020 (przewodnicz\u0105cy \u2013 \u0141ukasz Hamera)<br>VIII KADENCJA RADY PARAFIALNEJ \u2013 2020 \u2013 2024 (przewodnicz\u0105cy \u2013 Rados\u0142aw Malinowski)<br>IX KADENCJA RADY PARAFIALNEJ &#8211; 2024 &#8211; 2028 (przewodnicz\u0105cy Marta Pawli\u0144ska-Wo\u017aniak)<\/p>\n\n\n\n<p><\/p>\n\n\n\n<p>Rada Parafialna od wrze\u015bnia 2024 r.<\/p>\n\n\n\n<p>Ks. Proboszcz Andrzej Kania<\/p>\n\n\n\n<p>Ks. Filip Kochanowski, wikariusz<\/p>\n\n\n\n<p>Ks. Marcin Przytu\u0142a, wikariusz<\/p>\n\n\n\n<p>Marta Pawli\u0144ska-Wo\u017aniak<\/p>\n\n\n\n<p>Gra\u017cyna Ronduda<\/p>\n\n\n\n<p>Krzysztof Zajchowski<\/p>\n\n\n\n<p>Szczepan Mr\u00f3z<\/p>\n\n\n\n<p>Lidia Mergalska<\/p>\n\n\n\n<p>Bo\u017cena B\u0119tkowska<\/p>\n\n\n\n<p>Zuzanna K\u0119dziora<\/p>\n\n\n\n<p>Krzysztof Malczyk<\/p>\n\n\n\n<p>El\u017cbieta Kisi\u0144ska<\/p>\n\n\n\n<p>Ewelina Suchecka<\/p>\n\n\n\n<p>Gra\u017cyna Jab\u0142o\u0144ska<\/p>\n\n\n\n<p>Ma\u0142gorzata Krawczyk<\/p>\n\n\n\n<p>Jakub Kasperkiewicz<\/p>\n\n\n\n<p>Anna \u015awirta<\/p>\n\n\n\n<p>Anna Sledziowska<\/p>\n\n\n\n<p>Anna Sionek<\/p>\n\n\n\n<p>Sylwia Babicka<\/p>\n\n\n\n<p>Iwona Przepi\u00f3ra<\/p>\n\n\n\n<p>Tadeusz Marczak<\/p>\n\n\n\n<p>W\u0142adys\u0142aw Borcuch<\/p>\n\n\n\n<p>Iwona Nowacka<\/p>\n\n\n\n<p>Grzegorz Skwarli\u0144ski<\/p>\n\n\n\n<p>Miros\u0142aw \u015aniegucki<\/p>\n\n\n\n<p>Hubert Lefek<\/p>\n\n\n\n<p>Wojciech Pociecha<\/p>\n\n\n\n<p>Jadwiga Pietro\u0144<\/p>\n\n\n\n<p>Jolanta Kubik<\/p>\n\n\n\n<p><\/p>\n","protected":false},"excerpt":{"rendered":"<p>Parafialna rada duszpasterska (concilium pastorale) jest organem doradczym w parafii, kt\u00f3ra ma na celu pomoc proboszczowi we wszystkich sprawach duszpasterstwa parafialnego w powi\u0105zaniu z \u017cyciem Ko\u015bcio\u0142a powszechnego. Do zada\u0144 Rady nale\u017cy budzenie postaw apostolskich w\u015br\u00f3d parafian, wspomaganie duchowie\u0144stwa w pracy duszpasterskiej, wyra\u017canie opinii i wysuwanie propozycji dotycz\u0105cych doskonalenia duszpasterstwa parafialnego w oparciu o program duszpasterski [&hellip;]<\/p>\n","protected":false},"author":1,"featured_media":0,"parent":0,"menu_order":0,"comment_status":"closed","ping_status":"closed","template":"","meta":{"_et_pb_use_builder":"","_et_pb_old_content":"","_et_gb_content_width":"","footnotes":""},"class_list":["post-15","page","type-page","status-publish","hentry"],"_links":{"self":[{"href":"https:\/\/parafia.starachowice.pl\/index.php\/wp-json\/wp\/v2\/pages\/15","targetHints":{"allow":["GET"]}}],"collection":[{"href":"https:\/\/parafia.starachowice.pl\/index.php\/wp-json\/wp\/v2\/pages"}],"about":[{"href":"https:\/\/parafia.starachowice.pl\/index.php\/wp-json\/wp\/v2\/types\/page"}],"author":[{"embeddable":true,"href":"https:\/\/parafia.starachowice.pl\/index.php\/wp-json\/wp\/v2\/users\/1"}],"replies":[{"embeddable":true,"href":"https:\/\/parafia.starachowice.pl\/index.php\/wp-json\/wp\/v2\/comments?post=15"}],"version-history":[{"count":5,"href":"https:\/\/parafia.starachowice.pl\/index.php\/wp-json\/wp\/v2\/pages\/15\/revisions"}],"predecessor-version":[{"id":1210,"href":"https:\/\/parafia.starachowice.pl\/index.php\/wp-json\/wp\/v2\/pages\/15\/revisions\/1210"}],"wp:attachment":[{"href":"https:\/\/parafia.starachowice.pl\/index.php\/wp-json\/wp\/v2\/media?parent=15"}],"curies":[{"name":"wp","href":"https:\/\/api.w.org\/{rel}","templated":true}]}}