{"id":12,"date":"2022-07-16T19:36:10","date_gmt":"2022-07-16T17:36:10","guid":{"rendered":"https:\/\/parafia.starachowice.pl\/?page_id=12"},"modified":"2026-01-18T14:26:32","modified_gmt":"2026-01-18T13:26:32","slug":"duszpasterze","status":"publish","type":"page","link":"https:\/\/parafia.starachowice.pl\/index.php\/duszpasterze\/","title":{"rendered":"Duszpasterze"},"content":{"rendered":"<p style=\"overflow: hidden; margin-bottom: 20px;\"><img loading=\"lazy\" decoding=\"async\" width=\"309\" height=\"412\" class=\"wp-image-1501\" style=\"width: 200px; float: left; margin-right: 20px;\" src=\"http:\/\/parafia.starachowice.pl\/wp-content\/uploads\/2026\/01\/ks-pindera-stanislaw.png\" alt=\"\" srcset=\"https:\/\/parafia.starachowice.pl\/wp-content\/uploads\/2026\/01\/ks-pindera-stanislaw.png 309w, https:\/\/parafia.starachowice.pl\/wp-content\/uploads\/2026\/01\/ks-pindera-stanislaw-225x300.png 225w\" sizes=\"auto, (max-width: 309px) 100vw, 309px\" \/><strong>Pierwszy Proboszcz, Budowniczy Parafii<\/strong><br \/><strong>Ks. Infu\u0142at mgr Stanis\u0142aw Pindera<\/strong>, ur. 23 listopada 1946 r. w Kozienicach. Otrzyma\u0142 \u015bwi\u0119cenia kap\u0142a\u0144skie 13 VI 1970 r. Mianowany zosta\u0142 Proboszczem w naszej Parafii 15 VI 1982 r. Budowniczy i organizator ko\u015bcio\u0142a i parafii. Od 1989 r \u2013 Kanonik Kapitu\u0142y Katedralnej, od 1991 Kapelan Honorowy Jego \u015awi\u0105tobliwo\u015bci Jana Paw\u0142a II, Szambelan Tajny Papieski, od 2006 r. Pra\u0142at Honorowy Jego \u015awi\u0105tobliwo\u015bci Jana Paw\u0142a II, od 2008 r. Protonotariusz Apostolski Jego \u015awi\u0105tobliwo\u015bci Benedykta XVI, a od 2017 r. Kanonik Gremialny Kapitu\u0142y Katedralnej. Od 2019 r. Rezydent w naszej parafii.<\/p>\n<p style=\"overflow: hidden; margin-bottom: 20px;\"><img loading=\"lazy\" decoding=\"async\" width=\"313\" height=\"417\" class=\"wp-image-1500\" style=\"width: 200px; float: left; margin-right: 20px;\" src=\"http:\/\/parafia.starachowice.pl\/wp-content\/uploads\/2026\/01\/ks-kania-andrzej.png\" alt=\"\" srcset=\"https:\/\/parafia.starachowice.pl\/wp-content\/uploads\/2026\/01\/ks-kania-andrzej.png 313w, https:\/\/parafia.starachowice.pl\/wp-content\/uploads\/2026\/01\/ks-kania-andrzej-225x300.png 225w\" sizes=\"auto, (max-width: 313px) 100vw, 313px\" \/><strong>Proboszcz Parafii<\/strong><br \/><strong>Ks. mgr Andrzej Kania<\/strong>, ur. 17 lutego 1971 r. w Ko\u0144skich. Pochodzi z Parafii pw. \u015bw. Miko\u0142aja w Ko\u0144skich. W 1989 r. wst\u0105pi\u0142 do Wy\u017cszego Seminarium Duchownego w Sandomierzu. \u015awi\u0119cenia kap\u0142a\u0144skie przyj\u0105\u0142 z r\u0105k ks. Biskupa Edwarda Materskiego 27 maja 1995 r. Po \u015bwi\u0119ceniach zosta\u0142 skierowany do pracy w Parafii Matki Bo\u017cej Nieustaj\u0105cej Pomocy, gdzie pe\u0142ni\u0142 swoj\u0105 pos\u0142ug\u0119 do czerwca 2002 r. Nast\u0119pnie pe\u0142ni\u0142 pos\u0142ug\u0119 jako wikariusz w parafiach MB Mi\u0142osierdzia w Radomiu oraz \u015bw. Zygmunta w Szyd\u0142owcu. W 2017 r. zosta\u0142 mianowany proboszczem Parafii \u015bw. Teresy od Dzieci\u0105tka Jezus w Ruskim Brodzie. Od czerwca 2019 roku Proboszcz Parafii Matki Bo\u017cej Nieustaj\u0105cej Pomocy. Ks. Proboszcz sprawuje opiek\u0119 nad Rycerzami Kolumba, Diakoni\u0105 Liturgiczn\u0105, Wsp\u00f3lnot\u0105 Sychar oraz koordynuje Orszak Trzech Kr\u00f3li i M\u0119ski R\u00f3\u017caniec. Duszpasterz rodzin dekanatu Starachowice-Po\u0142udnie. Katechizuje w III Liceum Og\u00f3lnokszta\u0142c\u0105cym im. K.K. Baczy\u0144skiego.<\/p>\n<p style=\"overflow: hidden; margin-bottom: 20px;\"><img loading=\"lazy\" decoding=\"async\" width=\"909\" height=\"1213\" class=\"wp-image-1490\" style=\"width: 200px; float: left; margin-right: 20px;\" src=\"http:\/\/parafia.starachowice.pl\/wp-content\/uploads\/2026\/01\/ks-kochanowski-filip.jpg\" alt=\"\" srcset=\"http:\/\/parafia.starachowice.pl\/wp-content\/uploads\/2026\/01\/ks-kochanowski-filip.jpg 909w, http:\/\/parafia.starachowice.pl\/wp-content\/uploads\/2026\/01\/ks-kochanowski-filip-480x641.jpg 480w\" sizes=\"auto, (min-width: 0px) and (max-width: 480px) 480px, (min-width: 481px) 909px, 100vw\" \/><strong>Wikariusz Parafii<br \/>Ks. Filip Kochanowski <\/strong>&#8211; pochodzi z parafii NMP Kr\u00f3lowej Polski w Opocznie. W naszej parafii od swoich \u015bwi\u0119ce\u0144 kap\u0142a\u0144skich, tj. od r. 2022.<\/p>\n<p style=\"overflow: hidden; margin-bottom: 20px;\"><img loading=\"lazy\" decoding=\"async\" width=\"711\" height=\"948\" class=\"wp-image-1495\" style=\"width: 200px; float: left; margin-right: 20px;\" src=\"http:\/\/parafia.starachowice.pl\/wp-content\/uploads\/2026\/01\/ks-czubak-damian.jpg\" alt=\"\" srcset=\"http:\/\/parafia.starachowice.pl\/wp-content\/uploads\/2026\/01\/ks-czubak-damian.jpg 711w, http:\/\/parafia.starachowice.pl\/wp-content\/uploads\/2026\/01\/ks-czubak-damian-480x640.jpg 480w\" sizes=\"auto, (min-width: 0px) and (max-width: 480px) 480px, (min-width: 481px) 711px, 100vw\" \/><strong>Wikariusz Parafii<br \/>Ks. Damian Czubak<\/strong> &#8211; pochodzi z parafii Wniebowzi\u0119cia NMP w I\u0142\u017cy. W naszej parafii od 24 sierpnia 2025 r.<\/p>\n","protected":false},"excerpt":{"rendered":"<p>Pierwszy Proboszcz, Budowniczy ParafiiKs. Infu\u0142at mgr Stanis\u0142aw Pindera, ur. 23 listopada 1946 r. w Kozienicach. Otrzyma\u0142 \u015bwi\u0119cenia kap\u0142a\u0144skie 13 VI 1970 r. Mianowany zosta\u0142 Proboszczem w naszej Parafii 15 VI 1982 r. Budowniczy i organizator ko\u015bcio\u0142a i parafii. Od 1989 r \u2013 Kanonik Kapitu\u0142y Katedralnej, od 1991 Kapelan Honorowy Jego \u015awi\u0105tobliwo\u015bci Jana Paw\u0142a II, Szambelan [&hellip;]<\/p>\n","protected":false},"author":1,"featured_media":0,"parent":0,"menu_order":0,"comment_status":"closed","ping_status":"closed","template":"","meta":{"_et_pb_use_builder":"","_et_pb_old_content":"","_et_gb_content_width":"","footnotes":""},"class_list":["post-12","page","type-page","status-publish","hentry"],"_links":{"self":[{"href":"https:\/\/parafia.starachowice.pl\/index.php\/wp-json\/wp\/v2\/pages\/12","targetHints":{"allow":["GET"]}}],"collection":[{"href":"https:\/\/parafia.starachowice.pl\/index.php\/wp-json\/wp\/v2\/pages"}],"about":[{"href":"https:\/\/parafia.starachowice.pl\/index.php\/wp-json\/wp\/v2\/types\/page"}],"author":[{"embeddable":true,"href":"https:\/\/parafia.starachowice.pl\/index.php\/wp-json\/wp\/v2\/users\/1"}],"replies":[{"embeddable":true,"href":"https:\/\/parafia.starachowice.pl\/index.php\/wp-json\/wp\/v2\/comments?post=12"}],"version-history":[{"count":18,"href":"https:\/\/parafia.starachowice.pl\/index.php\/wp-json\/wp\/v2\/pages\/12\/revisions"}],"predecessor-version":[{"id":1511,"href":"https:\/\/parafia.starachowice.pl\/index.php\/wp-json\/wp\/v2\/pages\/12\/revisions\/1511"}],"wp:attachment":[{"href":"https:\/\/parafia.starachowice.pl\/index.php\/wp-json\/wp\/v2\/media?parent=12"}],"curies":[{"name":"wp","href":"https:\/\/api.w.org\/{rel}","templated":true}]}}